{"id":7835,"date":"2023-07-12T13:37:31","date_gmt":"2023-07-12T13:37:31","guid":{"rendered":"https:\/\/www.tactonom.com\/?post_type=product&#038;p=7835"},"modified":"2023-11-22T11:44:25","modified_gmt":"2023-11-22T11:44:25","slug":"tactonom-reader-online-einfuehrungs-schulung","status":"publish","type":"product","link":"https:\/\/www.tactonom.com\/fr\/produit\/formation-dintroduction-en-ligne-tactonom-reader\/","title":{"rendered":"Formation d&#039;introduction en ligne Tactonom Reader"},"content":{"rendered":"<p><strong>Introduction \u00e0 l&#039;utilisation du Tactonom Reader\u00a0:<\/strong><\/p>\n<p>R\u00e9servez votre introduction personnelle \u00e0 l&#039;utilisation du Tactonom Reader. Cela se d\u00e9roule en ligne lors d&#039;une r\u00e9union zoom ou alternativement dans le bureau d&#039;Inventivio \u00e0 Nuremberg.<\/p>\n<p>Nous prenons 3 heures pour expliquer en d\u00e9tail les fonctions du Tactonom Reader et vous montrer comment travailler avec des graphiques audio-tactiles.<\/p>","protected":false},"excerpt":{"rendered":"<p>Formation 3h : Initiation \u00e0 l&#039;utilisation du Tactonom Reader<\/p>","protected":false},"featured_media":7154,"template":"","meta":[],"product_cat":[306],"product_tag":[],"class_list":{"0":"post-7835","1":"product","2":"type-product","3":"status-publish","4":"has-post-thumbnail","6":"product_cat-tactonom-reader-de","8":"first","9":"instock","10":"taxable","11":"shipping-taxable","12":"purchasable","13":"product-type-simple"},"_links":{"self":[{"href":"https:\/\/www.tactonom.com\/fr\/wp-json\/wp\/v2\/product\/7835","targetHints":{"allow":["GET"]}}],"collection":[{"href":"https:\/\/www.tactonom.com\/fr\/wp-json\/wp\/v2\/product"}],"about":[{"href":"https:\/\/www.tactonom.com\/fr\/wp-json\/wp\/v2\/types\/product"}],"wp:featuredmedia":[{"embeddable":true,"href":"https:\/\/www.tactonom.com\/fr\/wp-json\/wp\/v2\/media\/7154"}],"wp:attachment":[{"href":"https:\/\/www.tactonom.com\/fr\/wp-json\/wp\/v2\/media?parent=7835"}],"wp:term":[{"taxonomy":"product_cat","embeddable":true,"href":"https:\/\/www.tactonom.com\/fr\/wp-json\/wp\/v2\/product_cat?post=7835"},{"taxonomy":"product_tag","embeddable":true,"href":"https:\/\/www.tactonom.com\/fr\/wp-json\/wp\/v2\/product_tag?post=7835"}],"curies":[{"name":"wp","href":"https:\/\/api.w.org\/{rel}","templated":true}]}}