{"id":7836,"date":"2023-07-12T13:39:07","date_gmt":"2023-07-12T13:39:07","guid":{"rendered":"https:\/\/www.tactonom.com\/?post_type=product&#038;p=7836"},"modified":"2023-11-22T11:43:53","modified_gmt":"2023-11-22T11:43:53","slug":"tactonom-reader-inhouse-einfuehrungs-schulung","status":"publish","type":"product","link":"https:\/\/www.tactonom.com\/fr\/produit\/formation-dintroduction-interne-au-lecteur-tactonom\/","title":{"rendered":"Formation d&#039;introduction interne \u00e0 Tactonom Reader"},"content":{"rendered":"<p><strong>Introduction \u00e0 l&#039;utilisation du Tactonom Reader\u00a0:<\/strong><br \/>\nLa formation dure 3 heures et se d\u00e9roule en ligne ou au si\u00e8ge de l&#039;entreprise \u00e0 Nuremberg. \u2013 sans frais de d\u00e9placement et d\u2019h\u00e9bergement<\/p>","protected":false},"excerpt":{"rendered":"<p>Introduction \u00e0 l&#039;utilisation du Tactonom Reader (3 heures)<\/p>","protected":false},"featured_media":7613,"template":"","meta":[],"product_cat":[306],"product_tag":[],"class_list":{"0":"post-7836","1":"product","2":"type-product","3":"status-publish","4":"has-post-thumbnail","6":"product_cat-tactonom-reader-de","8":"first","9":"instock","10":"taxable","11":"shipping-taxable","12":"purchasable","13":"product-type-simple"},"_links":{"self":[{"href":"https:\/\/www.tactonom.com\/fr\/wp-json\/wp\/v2\/product\/7836","targetHints":{"allow":["GET"]}}],"collection":[{"href":"https:\/\/www.tactonom.com\/fr\/wp-json\/wp\/v2\/product"}],"about":[{"href":"https:\/\/www.tactonom.com\/fr\/wp-json\/wp\/v2\/types\/product"}],"wp:featuredmedia":[{"embeddable":true,"href":"https:\/\/www.tactonom.com\/fr\/wp-json\/wp\/v2\/media\/7613"}],"wp:attachment":[{"href":"https:\/\/www.tactonom.com\/fr\/wp-json\/wp\/v2\/media?parent=7836"}],"wp:term":[{"taxonomy":"product_cat","embeddable":true,"href":"https:\/\/www.tactonom.com\/fr\/wp-json\/wp\/v2\/product_cat?post=7836"},{"taxonomy":"product_tag","embeddable":true,"href":"https:\/\/www.tactonom.com\/fr\/wp-json\/wp\/v2\/product_tag?post=7836"}],"curies":[{"name":"wp","href":"https:\/\/api.w.org\/{rel}","templated":true}]}}