{"id":7838,"date":"2023-07-12T13:41:49","date_gmt":"2023-07-12T13:41:49","guid":{"rendered":"https:\/\/www.tactonom.com\/?post_type=product&#038;p=7838"},"modified":"2025-02-17T12:18:58","modified_gmt":"2025-02-17T12:18:58","slug":"magnetischer-uhrzeiger","status":"publish","type":"product","link":"https:\/\/www.tactonom.com\/fr\/produit\/aiguilles-dhorloge-magnetiques\/","title":{"rendered":"Aiguille d&#039;horloge magn\u00e9tique"},"content":{"rendered":"<p><strong>Aiguilles d&#039;horloge avec mouvement<br \/>\nmains pour apprendre l&#039;horloge<\/strong><\/p>\n<p>Cette aiguille d&#039;horloge mobile est utilis\u00e9e pour apprendre l&#039;horloge de mani\u00e8re ludique avec le Tactonom Reader. Placez le pointeur au centre du graphique de l&#039;horloge. La surface graphique du Tactonom Reader est magn\u00e9tique. Vous pouvez trouver le graphique appropri\u00e9 en ligne dans la base de donn\u00e9es \u00ab Share \u00bb : Afficher le graphique \u00ab The Clock \u00bb \u2013 ProBlind Share<br \/>\nSuivez le mouvement des aiguilles avec votre doigt et laissez les minutes et les heures s&#039;annoncer.<\/p>","protected":false},"excerpt":{"rendered":"<div class=\"priceTag2\">plus frais de port 5,00 \u20ac<\/div>\n<p>Aiguille d&#039;horloge magn\u00e9tique<\/p>\n<p>Mat\u00e9riel: plastique<br \/>\nDimensions : longueur 11 cm, largeur 3 cm<br \/>\nPoids\u00a0: 18\u00a0g<\/p>","protected":false},"featured_media":8368,"template":"","meta":[],"product_cat":[341,373,314],"product_tag":[],"class_list":{"0":"post-7838","1":"product","2":"type-product","3":"status-publish","4":"has-post-thumbnail","6":"product_cat-grafikzubehoer","7":"product_cat-magnetischer-uhrzeiger","8":"product_cat-zubehoer","9":"product_shipping_class-small-products-2","11":"first","12":"instock","13":"taxable","14":"shipping-taxable","15":"purchasable","16":"product-type-simple"},"_links":{"self":[{"href":"https:\/\/www.tactonom.com\/fr\/wp-json\/wp\/v2\/product\/7838","targetHints":{"allow":["GET"]}}],"collection":[{"href":"https:\/\/www.tactonom.com\/fr\/wp-json\/wp\/v2\/product"}],"about":[{"href":"https:\/\/www.tactonom.com\/fr\/wp-json\/wp\/v2\/types\/product"}],"wp:featuredmedia":[{"embeddable":true,"href":"https:\/\/www.tactonom.com\/fr\/wp-json\/wp\/v2\/media\/8368"}],"wp:attachment":[{"href":"https:\/\/www.tactonom.com\/fr\/wp-json\/wp\/v2\/media?parent=7838"}],"wp:term":[{"taxonomy":"product_cat","embeddable":true,"href":"https:\/\/www.tactonom.com\/fr\/wp-json\/wp\/v2\/product_cat?post=7838"},{"taxonomy":"product_tag","embeddable":true,"href":"https:\/\/www.tactonom.com\/fr\/wp-json\/wp\/v2\/product_tag?post=7838"}],"curies":[{"name":"wp","href":"https:\/\/api.w.org\/{rel}","templated":true}]}}