{"id":7839,"date":"2023-07-12T13:43:32","date_gmt":"2023-07-12T13:43:32","guid":{"rendered":"https:\/\/www.tactonom.com\/?post_type=product&#038;p=7839"},"modified":"2025-03-05T12:01:23","modified_gmt":"2025-03-05T12:01:23","slug":"3d-modell-sacre-coeur","status":"publish","type":"product","link":"https:\/\/www.tactonom.com\/fr\/produit\/sacre-coeur-modele-3d\/","title":{"rendered":"Sacr\u00e9 Coeur mod\u00e8le 3D"},"content":{"rendered":"<p>Mod\u00e8le 3D de la Cath\u00e9drale du Sacr\u00e9 Coeur (LxlxH : 16,7cm ; 9cm ; 13,5cm) \u00e0 Paris. Associ\u00e9 au graphisme audio-tactile &quot;Mod\u00e8le 3D Paris Sacr\u00e9 Coeur&quot;, le Tactonom Reader explique les \u00e9l\u00e9ments sur lesquels le doigt est point\u00e9.<\/p>","protected":false},"excerpt":{"rendered":"<div class=\"priceTag2\">plus frais de port 9,65 \u20ac<\/div>\n<p>Mod\u00e8le 3D de la Cath\u00e9drale du Sacr\u00e9 Coeur \u00e0 Paris.<br \/>\nLongueur : 16,7 cm ; Largeur : 9 cm ; Hauteur : 13,5 cm<br \/>\nCouleur blanche<\/p>","protected":false},"featured_media":7827,"template":"","meta":[],"product_cat":[341,374,314],"product_tag":[],"class_list":{"0":"post-7839","1":"product","2":"type-product","3":"status-publish","4":"has-post-thumbnail","6":"product_cat-grafikzubehoer","7":"product_cat-sacre-coeur","8":"product_cat-zubehoer","9":"product_shipping_class-small-products-4","11":"first","12":"instock","13":"taxable","14":"shipping-taxable","15":"purchasable","16":"product-type-simple"},"_links":{"self":[{"href":"https:\/\/www.tactonom.com\/fr\/wp-json\/wp\/v2\/product\/7839","targetHints":{"allow":["GET"]}}],"collection":[{"href":"https:\/\/www.tactonom.com\/fr\/wp-json\/wp\/v2\/product"}],"about":[{"href":"https:\/\/www.tactonom.com\/fr\/wp-json\/wp\/v2\/types\/product"}],"wp:featuredmedia":[{"embeddable":true,"href":"https:\/\/www.tactonom.com\/fr\/wp-json\/wp\/v2\/media\/7827"}],"wp:attachment":[{"href":"https:\/\/www.tactonom.com\/fr\/wp-json\/wp\/v2\/media?parent=7839"}],"wp:term":[{"taxonomy":"product_cat","embeddable":true,"href":"https:\/\/www.tactonom.com\/fr\/wp-json\/wp\/v2\/product_cat?post=7839"},{"taxonomy":"product_tag","embeddable":true,"href":"https:\/\/www.tactonom.com\/fr\/wp-json\/wp\/v2\/product_tag?post=7839"}],"curies":[{"name":"wp","href":"https:\/\/api.w.org\/{rel}","templated":true}]}}