{"id":8305,"date":"2023-12-19T09:12:41","date_gmt":"2023-12-19T09:12:41","guid":{"rendered":"https:\/\/www.tactonom.com\/?post_type=product&#038;p=8305"},"modified":"2025-03-07T15:03:03","modified_gmt":"2025-03-07T15:03:03","slug":"tactonom-grafiktasche","status":"publish","type":"product","link":"https:\/\/www.tactonom.com\/fr\/produit\/sac-graphique-tactonom\/","title":{"rendered":"Sac graphique Tactonom"},"content":{"rendered":"<p>Sac de transport robuste avec inscription \u00ab Tactonom \u00bb pour graphiques tactiles au format DIN A3 (LxlxH : 50 cm ; 5 cm ; 35 cm).<br \/>\nLe sac poss\u00e8de une bandouli\u00e8re r\u00e9glable, une poign\u00e9e de transport et 2 petits pieds.<br \/>\nNous les recommandons pour transporter en toute s\u00e9curit\u00e9 les graphiques du Tactonom Reader d&#039;un point A \u00e0 un point B.<\/p>\n<p>plus frais de mat\u00e9riel et d&#039;exp\u00e9dition 8 \u20ac<\/p>","protected":false},"excerpt":{"rendered":"<div class=\"priceTag2\">plus frais d&#039;exp\u00e9dition et de mat\u00e9riel 8,00 \u20ac<\/div>\n<p>Sac de transport robuste avec inscription \u00ab Tactonom \u00bb pour graphiques tactiles au format DIN A3 (LxlxH : 50 cm ; 5 cm ; 35 cm).<\/p>","protected":false},"featured_media":8400,"template":"","meta":[],"product_cat":[368,339],"product_tag":[],"class_list":{"0":"post-8305","1":"product","2":"type-product","3":"status-publish","4":"has-post-thumbnail","6":"product_cat-graphics-bag","7":"product_cat-tactonom-reader","8":"product_shipping_class-small-products-3","10":"first","11":"instock","12":"taxable","13":"shipping-taxable","14":"purchasable","15":"product-type-simple"},"_links":{"self":[{"href":"https:\/\/www.tactonom.com\/fr\/wp-json\/wp\/v2\/product\/8305","targetHints":{"allow":["GET"]}}],"collection":[{"href":"https:\/\/www.tactonom.com\/fr\/wp-json\/wp\/v2\/product"}],"about":[{"href":"https:\/\/www.tactonom.com\/fr\/wp-json\/wp\/v2\/types\/product"}],"wp:featuredmedia":[{"embeddable":true,"href":"https:\/\/www.tactonom.com\/fr\/wp-json\/wp\/v2\/media\/8400"}],"wp:attachment":[{"href":"https:\/\/www.tactonom.com\/fr\/wp-json\/wp\/v2\/media?parent=8305"}],"wp:term":[{"taxonomy":"product_cat","embeddable":true,"href":"https:\/\/www.tactonom.com\/fr\/wp-json\/wp\/v2\/product_cat?post=8305"},{"taxonomy":"product_tag","embeddable":true,"href":"https:\/\/www.tactonom.com\/fr\/wp-json\/wp\/v2\/product_tag?post=8305"}],"curies":[{"name":"wp","href":"https:\/\/api.w.org\/{rel}","templated":true}]}}