{"id":8326,"date":"2023-12-22T08:42:43","date_gmt":"2023-12-22T08:42:43","guid":{"rendered":"https:\/\/www.tactonom.com\/?post_type=product&#038;p=8326"},"modified":"2025-02-27T08:17:29","modified_gmt":"2025-02-27T08:17:29","slug":"grafik-starterpaket-de-14-grafik-ausdrucke","status":"publish","type":"product","link":"https:\/\/www.tactonom.com\/fr\/produit\/pack-de-demarrage-graphique-avec-14-impressions-graphiques\/","title":{"rendered":"Pack de d\u00e9marrage graphique DE \u2013 14 impressions graphiques"},"content":{"rendered":"<p><strong>14 impressions sur papier gonfl\u00e9 A3 allemand de la base de donn\u00e9es ProBlind.org<\/strong><\/p>\n<p>Le package comprend les graphiques suivants\u00a0:<br \/>\n\u2013 Carte : Allemagne <a href=\"https:\/\/share.problind.org\/app\/show\/8IP4USGHDWTGC946EBEB\">https:\/\/share.problind.org\/app\/show\/8IP4USGHDWTGC946EBEB<\/a><br \/>\n\u2013 Plan d&#039;\u00e9tage des bureaux <a href=\"https:\/\/share.problind.org\/app\/show\/8HXATU2IZ3OJLINBE87L\">https:\/\/share.problind.org\/app\/show\/8HXATU2IZ3OJLINBE87L<\/a><br \/>\n- Jeu : Un ver dans le labyrinthe <a href=\"https:\/\/share.problind.org\/app\/show\/CB6QDXAO3C7K0ATQYC7M\">https:\/\/share.problind.org\/app\/show\/CB6QDXAO3C7K0ATQYC7M<\/a><br \/>\n\u2013 nombre espace 100 <a href=\"https:\/\/share.problind.org\/app\/show\/57LNZJ729OJMPJ4LU59Z\">https:\/\/share.problind.org\/app\/show\/57LNZJ729OJMPJ4LU59Z<\/a><br \/>\n\u2013 Ajout de file d&#039;attente arithm\u00e9tique <a href=\"https:\/\/share.problind.org\/app\/show\/CY908K3X1ZJCA9Y5SL3K\">https:\/\/share.problind.org\/app\/show\/57LNZJ729OJMPJ4LU59Z<\/a><br \/>\n- Jeu : M\u00e9moire <a href=\"https:\/\/share.problind.org\/app\/show\/1XHE9W8BEAMN944ITUEU\">https:\/\/share.problind.org\/app\/show\/1XHE9W8BEAMN944ITUEU<\/a><br \/>\n\u2013 Jeu de smoothies : <a href=\"https:\/\/share.problind.org\/app\/show\/6JNBLRAVOBQWJ2H3GOFR\">https:\/\/share.problind.org\/app\/show\/6JNBLRAVOBQWJ2H3GOFR<\/a><br \/>\n\u2013 R\u00e9seau ICE Allemagne <a href=\"https:\/\/share.problind.org\/app\/show\/BL8WTF34X4YNIQMI8CRO\">https:\/\/share.problind.org\/app\/show\/BL8WTF34X4YNIQMI8CRO<\/a><br \/>\n\u2013 Construire un orchestre symphonique <a href=\"https:\/\/share.problind.org\/app\/show\/6NSX1ZTBR4N2PFUDZEZZ\">https:\/\/share.problind.org\/app\/show\/6NSX1ZTBR4N2PFUDZEZZ<\/a><br \/>\n\u2013 Le tableau p\u00e9riodique des \u00e9l\u00e9ments <a href=\"https:\/\/share.problind.org\/app\/show\/6EAG9SFEEDWDFSZ75PRH\">https:\/\/share.problind.org\/app\/show\/6EAG9SFEEDWDFSZ75PRH<\/a><br \/>\n\u2013 Structure de la bact\u00e9rie <a href=\"https:\/\/share.problind.org\/app\/show\/CX05WCR9BQUCGQOTB7M2\">https:\/\/share.problind.org\/app\/show\/CX05WCR9BQUCGQOTB7M2<\/a><br \/>\n- Reconna\u00eetre les formes <a href=\"https:\/\/share.problind.org\/app\/show\/8GW75UI0UNNWEJW30VB1\">https:\/\/share.problind.org\/app\/show\/8GW75UI0UNNWEJW30VB1<\/a><br \/>\n\u2013 Vocabulaire Verbes Allemand Anglais <a href=\"https:\/\/share.problind.org\/app\/show\/BOVV3T0MT1U43DUF5TWB\">https:\/\/share.problind.org\/app\/show\/BOVV3T0MT1U43DUF5TWB<\/a><br \/>\n\u2013 Apprendre \u00e0 conna\u00eetre les animaux DE EN <a href=\"https:\/\/share.problind.org\/app\/show\/30GUJWBEFY3IN2XITIKX\">https:\/\/share.problind.org\/app\/show\/CX05WCR9BQUCGQOTB7M2<\/a><\/p>","protected":false},"excerpt":{"rendered":"<div class=\"priceTag2\">plus frais de port 8,00 \u20ac<\/div>\n<p>14 impressions papier gonflant A3 de la base de donn\u00e9es ProBlind.org<\/p>","protected":false},"featured_media":6511,"template":"","meta":[],"product_cat":[380],"product_tag":[],"class_list":{"0":"post-8326","1":"product","2":"type-product","3":"status-publish","4":"has-post-thumbnail","6":"product_cat-starterpaket-de","7":"product_shipping_class-small-products-3","9":"first","10":"instock","11":"taxable","12":"shipping-taxable","13":"purchasable","14":"product-type-simple"},"_links":{"self":[{"href":"https:\/\/www.tactonom.com\/fr\/wp-json\/wp\/v2\/product\/8326","targetHints":{"allow":["GET"]}}],"collection":[{"href":"https:\/\/www.tactonom.com\/fr\/wp-json\/wp\/v2\/product"}],"about":[{"href":"https:\/\/www.tactonom.com\/fr\/wp-json\/wp\/v2\/types\/product"}],"wp:featuredmedia":[{"embeddable":true,"href":"https:\/\/www.tactonom.com\/fr\/wp-json\/wp\/v2\/media\/6511"}],"wp:attachment":[{"href":"https:\/\/www.tactonom.com\/fr\/wp-json\/wp\/v2\/media?parent=8326"}],"wp:term":[{"taxonomy":"product_cat","embeddable":true,"href":"https:\/\/www.tactonom.com\/fr\/wp-json\/wp\/v2\/product_cat?post=8326"},{"taxonomy":"product_tag","embeddable":true,"href":"https:\/\/www.tactonom.com\/fr\/wp-json\/wp\/v2\/product_tag?post=8326"}],"curies":[{"name":"wp","href":"https:\/\/api.w.org\/{rel}","templated":true}]}}