{"id":8327,"date":"2023-12-22T08:43:41","date_gmt":"2023-12-22T08:43:41","guid":{"rendered":"https:\/\/www.tactonom.com\/?post_type=product&#038;p=8327"},"modified":"2025-02-27T08:16:51","modified_gmt":"2025-02-27T08:16:51","slug":"grafik-starterpaket-en-14-grafik-ausdrucke","status":"publish","type":"product","link":"https:\/\/www.tactonom.com\/fr\/produit\/pack-de-demarrage-graphique-12-impressions-graphiques-2\/","title":{"rendered":"Pack de d\u00e9marrage graphique FR \u2013 14 impressions graphiques"},"content":{"rendered":"<p><strong>14 impressions papier gonfl\u00e9es A3 en anglais provenant de la base de donn\u00e9es ProBlind.org<\/strong><\/p>\n<p>Le package comprend les graphiques suivants\u00a0:<br \/>\n\u2013 Carte \u00ab Europe \u00bb :<a href=\"https:\/\/share.problind.org\/app\/show\/A01ZT4AE9CG8RLVER3X9\">https:\/\/share.problind.org\/app\/show\/A01ZT4AE9CG8RLVER3X9<\/a><br \/>\n\u2013 Plan du bureau : \u00ab\u00a0Plan du bureau\u00a0\u00bb <a href=\"https:\/\/share.problind.org\/app\/show\/D3XR74IT2DC8AYIT8TU6\">https:\/\/share.problind.org\/app\/show\/D3XR74IT2DC8AYIT8TU6<\/a><br \/>\n\u2013 Jeu : \u00ab Un ver dans un labyrinthe \u00bb <a href=\"https:\/\/share.problind.org\/app\/show\/6YHM5QDLQIU3RWGXTQKA\">https:\/\/share.problind.org\/app\/show\/6YHM5QDLQIU3RWGXTQKA<\/a><br \/>\n\u2013 \u00ab\u00a0Plage de num\u00e9ros\u00a0100\u00a0\u00bb <a href=\"https:\/\/share.problind.org\/app\/show\/ASH3UPTABN8FTZW2WBQS\">https:\/\/share.problind.org\/app\/show\/ASH3UPTABN8FTZW2WBQS<\/a><br \/>\n\u2013 \u00ab Puzzle math\u00e9matique du serpent \u2013 soustraction \u00bb <a href=\"https:\/\/share.problind.org\/app\/show\/894K3HINMQ9I5IRRJA52\">https:\/\/share.problind.org\/app\/show\/894K3HINMQ9I5IRRJA52<\/a><br \/>\n\u2013 Jeu : \u00ab M\u00e9moire \u00bb <a href=\"https:\/\/share.problind.org\/app\/show\/2SS126L6G1MTAL5UXEQY\">https:\/\/share.problind.org\/app\/show\/2SS126L6G1MTAL5UXEQY<\/a><br \/>\n\u2013 \u00ab\u00a0Jeu de smoothies\u00a0\u00bb\u00a0: <a href=\"https:\/\/share.problind.org\/app\/show\/AODR6SRL2Y04PPN3LT5F\">https:\/\/share.problind.org\/app\/show\/AODR6SRL2Y04PPN3LT5F<\/a><br \/>\n\u2013 \u00ab R\u00e9seau ICE Allemagne \u00bb <a href=\"https:\/\/share.problind.org\/app\/show\/66VTIIVTSQ30LNLLMGTC\">https:\/\/share.problind.org\/app\/show\/66VTIIVTSQ30LNLLMGTC<\/a><br \/>\n\u2013 \u00ab La structure d\u2019un orchestre symphonique \u00bb <a href=\"https:\/\/share.problind.org\/app\/show\/EKNT9OVDMMTZI5FCE72K\">https:\/\/share.problind.org\/app\/show\/EKNT9OVDMMTZI5FCE72K<\/a><br \/>\n\u2013 \u00ab Le tableau p\u00e9riodique des \u00e9l\u00e9ments \u00bb <a href=\"https:\/\/share.problind.org\/app\/show\/1A5J3BCNJNQQBQHZHSQ1\">https:\/\/share.problind.org\/app\/show\/1A5J3BCNJNQQBQHZHSQ1<\/a><br \/>\n\u2013 \u00ab Structure d\u2019une bact\u00e9rie \u00bb <a href=\"https:\/\/share.problind.org\/app\/show\/3D0EUDR03O94BLMYKZC2\">https:\/\/share.problind.org\/app\/show\/3D0EUDR03O94BLMYKZC2<\/a><br \/>\n\u2013 \u00ab Reconna\u00eetre les formes \u00bb <a href=\"https:\/\/share.problind.org\/app\/show\/B20LDCJ7SZC0IGEXTB2T\">https:\/\/share.problind.org\/app\/show\/B20LDCJ7SZC0IGEXTB2T<\/a><br \/>\n\u2013 \u00ab Structure d\u2019une dent \u00bb <a href=\"https:\/\/share.problind.org\/app\/show\/A3F2DKZXXRDXINC07ZSE\">https:\/\/share.problind.org\/app\/show\/A3F2DKZXXRDXINC07ZSE<\/a><br \/>\n\u2013 \u00ab Faites connaissance avec les animaux EN GE \u00bb<a href=\"https:\/\/share.problind.org\/app\/show\/AO5P79H7BNZMTKVJ4S2F\">https:\/\/share.problind.org\/app\/show\/AO5P79H7BNZMTKVJ4S2F<\/a><\/p>","protected":false},"excerpt":{"rendered":"<div class=\"priceTag2\">plus frais de port 8,00 \u20ac<\/div>\n<p>14 impressions papier gonflant A3 de la base de donn\u00e9es ProBlind.org<\/p>","protected":false},"featured_media":6511,"template":"","meta":[],"product_cat":[379],"product_tag":[],"class_list":{"0":"post-8327","1":"product","2":"type-product","3":"status-publish","4":"has-post-thumbnail","6":"product_cat-starterpaket-en","7":"product_shipping_class-small-products-3","9":"first","10":"instock","11":"taxable","12":"shipping-taxable","13":"purchasable","14":"product-type-simple"},"_links":{"self":[{"href":"https:\/\/www.tactonom.com\/fr\/wp-json\/wp\/v2\/product\/8327","targetHints":{"allow":["GET"]}}],"collection":[{"href":"https:\/\/www.tactonom.com\/fr\/wp-json\/wp\/v2\/product"}],"about":[{"href":"https:\/\/www.tactonom.com\/fr\/wp-json\/wp\/v2\/types\/product"}],"wp:featuredmedia":[{"embeddable":true,"href":"https:\/\/www.tactonom.com\/fr\/wp-json\/wp\/v2\/media\/6511"}],"wp:attachment":[{"href":"https:\/\/www.tactonom.com\/fr\/wp-json\/wp\/v2\/media?parent=8327"}],"wp:term":[{"taxonomy":"product_cat","embeddable":true,"href":"https:\/\/www.tactonom.com\/fr\/wp-json\/wp\/v2\/product_cat?post=8327"},{"taxonomy":"product_tag","embeddable":true,"href":"https:\/\/www.tactonom.com\/fr\/wp-json\/wp\/v2\/product_tag?post=8327"}],"curies":[{"name":"wp","href":"https:\/\/api.w.org\/{rel}","templated":true}]}}