{"id":8551,"date":"2024-04-11T08:10:51","date_gmt":"2024-04-11T08:10:51","guid":{"rendered":"https:\/\/www.tactonom.com\/?post_type=product&#038;p=8551"},"modified":"2026-02-09T08:15:27","modified_gmt":"2026-02-09T08:15:27","slug":"tactonom-transformer-schwellpapier-a3","status":"publish","type":"product","link":"https:\/\/www.tactonom.com\/fr\/produit\/papier-gonflant-pour-transformateur-tactonom-a3\/","title":{"rendered":"Tactonom Transformer papier gonflant A3 100 feuilles"},"content":{"rendered":"<p>Papier gonflant pour le Tactonom Transformer<\/p>","protected":false},"excerpt":{"rendered":"<div class=\"priceTag2\">plus frais de port 12,00 \u20ac<\/div>\n<p>Papier gonflant pour le Tactonom Transformer. (100 feuilles)<br \/>\nConvient \u00e9galement \u00e0 la machine \u00e0 gonfler Zychem ou PIAF.<\/p>","protected":false},"featured_media":6518,"template":"","meta":[],"product_cat":[161,377,340],"product_tag":[],"class_list":{"0":"post-8551","1":"product","2":"type-product","3":"status-publish","4":"has-post-thumbnail","6":"product_cat-uncategorized","7":"product_cat-schwellpapier-a3","8":"product_cat-tactonom-transformer","9":"product_shipping_class-small-products-package-6","11":"first","12":"instock","13":"taxable","14":"shipping-taxable","15":"purchasable","16":"product-type-simple"},"_links":{"self":[{"href":"https:\/\/www.tactonom.com\/fr\/wp-json\/wp\/v2\/product\/8551","targetHints":{"allow":["GET"]}}],"collection":[{"href":"https:\/\/www.tactonom.com\/fr\/wp-json\/wp\/v2\/product"}],"about":[{"href":"https:\/\/www.tactonom.com\/fr\/wp-json\/wp\/v2\/types\/product"}],"wp:featuredmedia":[{"embeddable":true,"href":"https:\/\/www.tactonom.com\/fr\/wp-json\/wp\/v2\/media\/6518"}],"wp:attachment":[{"href":"https:\/\/www.tactonom.com\/fr\/wp-json\/wp\/v2\/media?parent=8551"}],"wp:term":[{"taxonomy":"product_cat","embeddable":true,"href":"https:\/\/www.tactonom.com\/fr\/wp-json\/wp\/v2\/product_cat?post=8551"},{"taxonomy":"product_tag","embeddable":true,"href":"https:\/\/www.tactonom.com\/fr\/wp-json\/wp\/v2\/product_tag?post=8551"}],"curies":[{"name":"wp","href":"https:\/\/api.w.org\/{rel}","templated":true}]}}