{"id":8553,"date":"2024-04-11T08:24:35","date_gmt":"2024-04-11T08:24:35","guid":{"rendered":"https:\/\/www.tactonom.com\/?post_type=product&#038;p=8553"},"modified":"2026-03-30T09:11:30","modified_gmt":"2026-03-30T09:11:30","slug":"tactonom-transformer-schwellpapier-a4-2","status":"publish","type":"product","link":"https:\/\/www.tactonom.com\/fr\/produit\/tactonom-transformateur-papier-gonflant-a4-2\/","title":{"rendered":"Tactonom Transformer papier gonflant A4 100 feuilles"},"content":{"rendered":"<p>Papier gonflant pour le Tactonom Transformer<\/p>","protected":false},"excerpt":{"rendered":"<div class=\"priceTag2\">plus frais de port 8,00 \u20ac<\/div>\n<p>Papier gonflant pour le Tactonom Transformer. (100 feuilles)<br \/>\nConvient \u00e9galement \u00e0 la machine \u00e0 gonfler Zychem ou PIAF.<\/p>","protected":false},"featured_media":6518,"template":"","meta":[],"product_cat":[376,340],"product_tag":[],"class_list":{"0":"post-8553","1":"product","2":"type-product","3":"status-publish","4":"has-post-thumbnail","6":"product_cat-schwellpapier-a4","7":"product_cat-tactonom-transformer","8":"product_shipping_class-small-products-3","10":"first","11":"instock","12":"taxable","13":"shipping-taxable","14":"purchasable","15":"product-type-simple"},"_links":{"self":[{"href":"https:\/\/www.tactonom.com\/fr\/wp-json\/wp\/v2\/product\/8553","targetHints":{"allow":["GET"]}}],"collection":[{"href":"https:\/\/www.tactonom.com\/fr\/wp-json\/wp\/v2\/product"}],"about":[{"href":"https:\/\/www.tactonom.com\/fr\/wp-json\/wp\/v2\/types\/product"}],"wp:featuredmedia":[{"embeddable":true,"href":"https:\/\/www.tactonom.com\/fr\/wp-json\/wp\/v2\/media\/6518"}],"wp:attachment":[{"href":"https:\/\/www.tactonom.com\/fr\/wp-json\/wp\/v2\/media?parent=8553"}],"wp:term":[{"taxonomy":"product_cat","embeddable":true,"href":"https:\/\/www.tactonom.com\/fr\/wp-json\/wp\/v2\/product_cat?post=8553"},{"taxonomy":"product_tag","embeddable":true,"href":"https:\/\/www.tactonom.com\/fr\/wp-json\/wp\/v2\/product_tag?post=8553"}],"curies":[{"name":"wp","href":"https:\/\/api.w.org\/{rel}","templated":true}]}}