{"id":9014,"date":"2025-02-05T12:57:55","date_gmt":"2025-02-05T12:57:55","guid":{"rendered":"https:\/\/www.tactonom.com\/?post_type=product&#038;p=9014"},"modified":"2025-03-05T15:39:28","modified_gmt":"2025-03-05T15:39:28","slug":"tactonom-reader-flex","status":"publish","type":"product","link":"https:\/\/www.tactonom.com\/fr\/produit\/lecteur-tactonom-flex\/","title":{"rendered":"Tactonom Reader Flex"},"content":{"rendered":"<p><strong>Tactonom Reader<\/strong><\/p>\n<div class=\"mx_EventTile_line\">\n<div class=\"mx_MTextBody mx_EventTile_content\"><span class=\"mx_EventTile_body\" dir=\"auto\">Le Tactonom Reader Flex est un lecteur graphique interactif. Il permet aux personnes aveugles et malvoyantes d\u2019acc\u00e9der de mani\u00e8re autonome \u00e0 des graphiques tactiles. Les \u00e9l\u00e9ments touch\u00e9s sont expliqu\u00e9s par des informations audio pendant que le doigt est dessus.<br \/>\nCela permet \u00e0 l&#039;utilisateur d&#039;acc\u00e9der, de comprendre, d&#039;apprendre et de travailler avec des informations de mani\u00e8re ind\u00e9pendante, \u00e0 son propre rythme et de mani\u00e8re interactive.<\/span><\/div>\n<\/div>","protected":false},"excerpt":{"rendered":"<div class=\"priceTag2\">plus frais de port 30,00 \u20ac<\/div>\n<p>Le Tactonom Reader Flex est un lecteur graphique interactif. Il permet aux personnes aveugles et malvoyantes d\u2019acc\u00e9der de mani\u00e8re autonome \u00e0 des graphiques tactiles. Les \u00e9l\u00e9ments touch\u00e9s sont expliqu\u00e9s par des informations audio pendant que le doigt est dessus.<br \/>\nCela permet \u00e0 l&#039;utilisateur d&#039;acc\u00e9der, de comprendre, d&#039;apprendre et de travailler avec des informations de mani\u00e8re ind\u00e9pendante, \u00e0 son propre rythme et de mani\u00e8re interactive.<\/p>\n<p><strong>Dimensions largeur x hauteur x profondeur en cm<\/strong><br \/>\nAppareil ouvert en cm : 40 cm x 43,5 cm x 40,5 cm,<br \/>\nAppareil pli\u00e9 en cm : 40 cm x 25 cm x 10,5 cm, 3 180 g<\/p>\n<p><strong>Poids en g<\/strong><br \/>\nAppareil : 3 180 g<br \/>\nAlimentation sans c\u00e2ble : 170g<br \/>\ncarton d&#039;exp\u00e9dition : 710 g<\/p>","protected":false},"featured_media":9019,"template":"","meta":[],"product_cat":[366],"product_tag":[],"class_list":{"0":"post-9014","1":"product","2":"type-product","3":"status-publish","4":"has-post-thumbnail","6":"product_cat-tactonom-reader-flex","7":"product_shipping_class-big-products","9":"first","10":"instock","11":"taxable","12":"shipping-taxable","13":"purchasable","14":"product-type-simple"},"_links":{"self":[{"href":"https:\/\/www.tactonom.com\/fr\/wp-json\/wp\/v2\/product\/9014","targetHints":{"allow":["GET"]}}],"collection":[{"href":"https:\/\/www.tactonom.com\/fr\/wp-json\/wp\/v2\/product"}],"about":[{"href":"https:\/\/www.tactonom.com\/fr\/wp-json\/wp\/v2\/types\/product"}],"wp:featuredmedia":[{"embeddable":true,"href":"https:\/\/www.tactonom.com\/fr\/wp-json\/wp\/v2\/media\/9019"}],"wp:attachment":[{"href":"https:\/\/www.tactonom.com\/fr\/wp-json\/wp\/v2\/media?parent=9014"}],"wp:term":[{"taxonomy":"product_cat","embeddable":true,"href":"https:\/\/www.tactonom.com\/fr\/wp-json\/wp\/v2\/product_cat?post=9014"},{"taxonomy":"product_tag","embeddable":true,"href":"https:\/\/www.tactonom.com\/fr\/wp-json\/wp\/v2\/product_tag?post=9014"}],"curies":[{"name":"wp","href":"https:\/\/api.w.org\/{rel}","templated":true}]}}