{"id":9394,"date":"2026-01-20T14:09:37","date_gmt":"2026-01-20T14:09:37","guid":{"rendered":"https:\/\/www.tactonom.com\/?post_type=product&#038;p=9394"},"modified":"2026-01-22T07:52:13","modified_gmt":"2026-01-22T07:52:13","slug":"magic-braille-numbers","status":"publish","type":"product","link":"https:\/\/www.tactonom.com\/fr\/produit\/chiffres-magiques-en-braille\/","title":{"rendered":"Chiffres magiques en braille"},"content":{"rendered":"<p><strong>Dimensions du coffre de rangement en cm :<br \/>\n<\/strong>Largeur : 31 cm<br \/>\nLongueur : 22 cm<br \/>\nHauteur : 2,5 cm<br \/>\nPoids : 60 g<\/p>\n<p><strong>\u00c2ge recommand\u00e9\u00a0:<\/strong> \u00c0 partir de 6 ans<\/p>","protected":false},"excerpt":{"rendered":"<div class=\"priceTag2\">plus frais de port 10,00 \u20ac<\/div>\n<p>Le Tactonom Reader Flex reconna\u00eet automatiquement les chiffres, pour un apprentissage interactif, ludique et stimulant. Ses aimants permettent de fixer solidement les blocs sur les surfaces m\u00e9talliques. Chaque bloc comporte du braille tactile et des inscriptions suppl\u00e9mentaires favorisent l&#039;inclusion en classe. Une innovation r\u00e9volutionnaire en math\u00e9matiques\u00a0!<\/p>","protected":false},"featured_media":9413,"template":"","meta":[],"product_cat":[384],"product_tag":[],"class_list":{"0":"post-9394","1":"product","2":"type-product","3":"status-publish","4":"has-post-thumbnail","6":"product_cat-magicbraille","7":"product_shipping_class-small-products-package-5","9":"first","10":"instock","11":"taxable","12":"shipping-taxable","13":"purchasable","14":"product-type-simple"},"_links":{"self":[{"href":"https:\/\/www.tactonom.com\/fr\/wp-json\/wp\/v2\/product\/9394","targetHints":{"allow":["GET"]}}],"collection":[{"href":"https:\/\/www.tactonom.com\/fr\/wp-json\/wp\/v2\/product"}],"about":[{"href":"https:\/\/www.tactonom.com\/fr\/wp-json\/wp\/v2\/types\/product"}],"wp:featuredmedia":[{"embeddable":true,"href":"https:\/\/www.tactonom.com\/fr\/wp-json\/wp\/v2\/media\/9413"}],"wp:attachment":[{"href":"https:\/\/www.tactonom.com\/fr\/wp-json\/wp\/v2\/media?parent=9394"}],"wp:term":[{"taxonomy":"product_cat","embeddable":true,"href":"https:\/\/www.tactonom.com\/fr\/wp-json\/wp\/v2\/product_cat?post=9394"},{"taxonomy":"product_tag","embeddable":true,"href":"https:\/\/www.tactonom.com\/fr\/wp-json\/wp\/v2\/product_tag?post=9394"}],"curies":[{"name":"wp","href":"https:\/\/api.w.org\/{rel}","templated":true}]}}